{"id":380,"date":"2025-08-07T17:11:07","date_gmt":"2025-08-07T14:11:07","guid":{"rendered":"https:\/\/aurapharm.ps\/?post_type=product&#038;p=380"},"modified":"2025-08-07T17:11:07","modified_gmt":"2025-08-07T14:11:07","slug":"baume-premieres-dents-0-2-ans-certifie-bio","status":"publish","type":"product","link":"https:\/\/aurapharm.ps\/index.php\/product\/baume-premieres-dents-0-2-ans-certifie-bio\/","title":{"rendered":"Baume Premi\u00e8res Dents 0-2 ans certifi\u00e9 BIO"},"content":{"rendered":"<p>Le soin pour prot\u00e9ger les gencives lors des pouss\u00e9es dentaires<\/p>\n<p>Naturellement doux, BUCCOTHERM\u00ae Premi\u00e8res Dents est le 1er baume \u00e0 base d\u2019Eau thermale et certifi\u00e9 BIO* qui redonne le sourire aux nourrissons ! Sa composition unique \u00e0 base de 98% d\u2019ingr\u00e9dients d\u2019origine naturelle et aux extraits naturels de Camomille et de Guimauve maintient en bon \u00e9tat les gencives du nourrisson lors de l\u2019apparition des premi\u00e8res dents. Son go\u00fbt neutre est adapt\u00e9 aux plus petits.<\/p>\n<p>Sans aucun compromis pour vous, vos nourrissons et la plan\u00e8te.<\/p>\n<p>Retrouvez ce baume dans un kit avec une brosse \u00e0 dents sp\u00e9cialement adapt\u00e9e aux nourrissons pour un soin complet.<\/p>\n<p>*Cosm\u00e9tique Biologique et Naturelle certifi\u00e9e par ECOCERT selon le r\u00e9f\u00e9rentiel disponible ici<\/p>\n","protected":false},"excerpt":{"rendered":"<p>Le soin pour prot\u00e9ger les gencives lors des pouss\u00e9es dentaires Naturellement doux, BUCCOTHERM\u00ae Premi\u00e8res Dents est le 1er baume \u00e0 base d\u2019Eau thermale et certifi\u00e9 BIO* qui redonne le sourire aux nourrissons ! Sa composition unique \u00e0 base de 98% d\u2019ingr\u00e9dients d\u2019origine naturelle et aux extraits naturels de Camomille et de Guimauve maintient en bon \u00e9tat les gencives du nourrisson lors de l\u2019apparition des premi\u00e8res dents. Son go\u00fbt neutre est adapt\u00e9 aux plus petits. Sans aucun compromis pour vous, vos nourrissons et la plan\u00e8te. Retrouvez ce baume dans un kit avec une brosse \u00e0 dents sp\u00e9cialement adapt\u00e9e aux nourrissons pour un soin complet. *Cosm\u00e9tique Biologique et Naturelle certifi\u00e9e par ECOCERT selon le r\u00e9f\u00e9rentiel disponible ici<\/p>\n","protected":false},"featured_media":382,"comment_status":"open","ping_status":"closed","template":"","meta":[],"product_brand":[24],"product_cat":[23],"product_tag":[],"class_list":{"0":"post-380","1":"product","2":"type-product","3":"status-publish","4":"has-post-thumbnail","6":"product_brand-buccotherm","7":"product_cat-buccotherm","9":"first","10":"instock","11":"sale","12":"taxable","13":"shipping-taxable","14":"purchasable","15":"product-type-simple"},"yoast_head":"<!-- This site is optimized with the Yoast SEO plugin v25.6 - https:\/\/yoast.com\/wordpress\/plugins\/seo\/ -->\n<title>Baume Premi\u00e8res Dents 0-2 ans certifi\u00e9 BIO - Aura Pharm<\/title>\n<meta name=\"robots\" content=\"index, follow, max-snippet:-1, max-image-preview:large, max-video-preview:-1\" \/>\n<link rel=\"canonical\" href=\"https:\/\/aurapharm.ps\/index.php\/product\/baume-premieres-dents-0-2-ans-certifie-bio\/\" \/>\n<meta property=\"og:locale\" content=\"en_US\" \/>\n<meta property=\"og:type\" content=\"article\" \/>\n<meta property=\"og:title\" content=\"Baume Premi\u00e8res Dents 0-2 ans certifi\u00e9 BIO - Aura Pharm\" \/>\n<meta property=\"og:description\" content=\"Le soin pour prot\u00e9ger les gencives lors des pouss\u00e9es dentaires Naturellement doux, BUCCOTHERM\u00ae Premi\u00e8res Dents est le 1er baume \u00e0 base d\u2019Eau thermale et certifi\u00e9 BIO* qui redonne le sourire aux nourrissons ! Sa composition unique \u00e0 base de 98% d\u2019ingr\u00e9dients d\u2019origine naturelle et aux extraits naturels de Camomille et de Guimauve maintient en bon \u00e9tat les gencives du nourrisson lors de l\u2019apparition des premi\u00e8res dents. Son go\u00fbt neutre est adapt\u00e9 aux plus petits. Sans aucun compromis pour vous, vos nourrissons et la plan\u00e8te. Retrouvez ce baume dans un kit avec une brosse \u00e0 dents sp\u00e9cialement adapt\u00e9e aux nourrissons pour un soin complet. *Cosm\u00e9tique Biologique et Naturelle certifi\u00e9e par ECOCERT selon le r\u00e9f\u00e9rentiel disponible ici\" \/>\n<meta property=\"og:url\" content=\"https:\/\/aurapharm.ps\/index.php\/product\/baume-premieres-dents-0-2-ans-certifie-bio\/\" \/>\n<meta property=\"og:site_name\" content=\"Aura Pharm\" \/>\n<meta property=\"og:image\" content=\"https:\/\/aurapharm.ps\/wp-content\/uploads\/2025\/08\/TUBE-Premieres-dents-BIO-50ml_HD-1200x3226-1-scaled.jpg\" \/>\n\t<meta property=\"og:image:width\" content=\"952\" \/>\n\t<meta property=\"og:image:height\" content=\"2560\" \/>\n\t<meta property=\"og:image:type\" content=\"image\/jpeg\" \/>\n<meta name=\"twitter:card\" content=\"summary_large_image\" \/>\n<meta name=\"twitter:label1\" content=\"Est. reading time\" \/>\n\t<meta name=\"twitter:data1\" content=\"1 minute\" \/>\n<script type=\"application\/ld+json\" class=\"yoast-schema-graph\">{\"@context\":\"https:\/\/schema.org\",\"@graph\":[{\"@type\":\"WebPage\",\"@id\":\"https:\/\/aurapharm.ps\/index.php\/product\/baume-premieres-dents-0-2-ans-certifie-bio\/\",\"url\":\"https:\/\/aurapharm.ps\/index.php\/product\/baume-premieres-dents-0-2-ans-certifie-bio\/\",\"name\":\"Baume Premi\u00e8res Dents 0-2 ans certifi\u00e9 BIO - Aura Pharm\",\"isPartOf\":{\"@id\":\"https:\/\/aurapharm.ps\/#website\"},\"primaryImageOfPage\":{\"@id\":\"https:\/\/aurapharm.ps\/index.php\/product\/baume-premieres-dents-0-2-ans-certifie-bio\/#primaryimage\"},\"image\":{\"@id\":\"https:\/\/aurapharm.ps\/index.php\/product\/baume-premieres-dents-0-2-ans-certifie-bio\/#primaryimage\"},\"thumbnailUrl\":\"https:\/\/aurapharm.ps\/wp-content\/uploads\/2025\/08\/TUBE-Premieres-dents-BIO-50ml_HD-1200x3226-1-scaled.jpg\",\"datePublished\":\"2025-08-07T14:11:07+00:00\",\"breadcrumb\":{\"@id\":\"https:\/\/aurapharm.ps\/index.php\/product\/baume-premieres-dents-0-2-ans-certifie-bio\/#breadcrumb\"},\"inLanguage\":\"en-US\",\"potentialAction\":[{\"@type\":\"ReadAction\",\"target\":[\"https:\/\/aurapharm.ps\/index.php\/product\/baume-premieres-dents-0-2-ans-certifie-bio\/\"]}]},{\"@type\":\"ImageObject\",\"inLanguage\":\"en-US\",\"@id\":\"https:\/\/aurapharm.ps\/index.php\/product\/baume-premieres-dents-0-2-ans-certifie-bio\/#primaryimage\",\"url\":\"https:\/\/aurapharm.ps\/wp-content\/uploads\/2025\/08\/TUBE-Premieres-dents-BIO-50ml_HD-1200x3226-1-scaled.jpg\",\"contentUrl\":\"https:\/\/aurapharm.ps\/wp-content\/uploads\/2025\/08\/TUBE-Premieres-dents-BIO-50ml_HD-1200x3226-1-scaled.jpg\",\"width\":952,\"height\":2560},{\"@type\":\"BreadcrumbList\",\"@id\":\"https:\/\/aurapharm.ps\/index.php\/product\/baume-premieres-dents-0-2-ans-certifie-bio\/#breadcrumb\",\"itemListElement\":[{\"@type\":\"ListItem\",\"position\":1,\"name\":\"\u0627\u0644\u0631\u0626\u064a\u0633\u064a\u0629\",\"item\":\"https:\/\/aurapharm.ps\/\"},{\"@type\":\"ListItem\",\"position\":2,\"name\":\"Products\",\"item\":\"https:\/\/aurapharm.ps\/index.php\/shop\/\"},{\"@type\":\"ListItem\",\"position\":3,\"name\":\"Baume Premi\u00e8res Dents 0-2 ans certifi\u00e9 BIO\"}]},{\"@type\":\"WebSite\",\"@id\":\"https:\/\/aurapharm.ps\/#website\",\"url\":\"https:\/\/aurapharm.ps\/\",\"name\":\"Aura Pharm\",\"description\":\"\",\"publisher\":{\"@id\":\"https:\/\/aurapharm.ps\/#organization\"},\"potentialAction\":[{\"@type\":\"SearchAction\",\"target\":{\"@type\":\"EntryPoint\",\"urlTemplate\":\"https:\/\/aurapharm.ps\/?s={search_term_string}\"},\"query-input\":{\"@type\":\"PropertyValueSpecification\",\"valueRequired\":true,\"valueName\":\"search_term_string\"}}],\"inLanguage\":\"en-US\"},{\"@type\":\"Organization\",\"@id\":\"https:\/\/aurapharm.ps\/#organization\",\"name\":\"Aura Pharm\",\"url\":\"https:\/\/aurapharm.ps\/\",\"logo\":{\"@type\":\"ImageObject\",\"inLanguage\":\"en-US\",\"@id\":\"https:\/\/aurapharm.ps\/#\/schema\/logo\/image\/\",\"url\":\"https:\/\/aurapharm.ps\/wp-content\/uploads\/2025\/07\/aura-pharm-logo-1.png\",\"contentUrl\":\"https:\/\/aurapharm.ps\/wp-content\/uploads\/2025\/07\/aura-pharm-logo-1.png\",\"width\":1751,\"height\":1750,\"caption\":\"Aura Pharm\"},\"image\":{\"@id\":\"https:\/\/aurapharm.ps\/#\/schema\/logo\/image\/\"}}]}<\/script>\n<!-- \/ Yoast SEO plugin. -->","yoast_head_json":{"title":"Baume Premi\u00e8res Dents 0-2 ans certifi\u00e9 BIO - Aura Pharm","robots":{"index":"index","follow":"follow","max-snippet":"max-snippet:-1","max-image-preview":"max-image-preview:large","max-video-preview":"max-video-preview:-1"},"canonical":"https:\/\/aurapharm.ps\/index.php\/product\/baume-premieres-dents-0-2-ans-certifie-bio\/","og_locale":"en_US","og_type":"article","og_title":"Baume Premi\u00e8res Dents 0-2 ans certifi\u00e9 BIO - Aura Pharm","og_description":"Le soin pour prot\u00e9ger les gencives lors des pouss\u00e9es dentaires Naturellement doux, BUCCOTHERM\u00ae Premi\u00e8res Dents est le 1er baume \u00e0 base d\u2019Eau thermale et certifi\u00e9 BIO* qui redonne le sourire aux nourrissons ! Sa composition unique \u00e0 base de 98% d\u2019ingr\u00e9dients d\u2019origine naturelle et aux extraits naturels de Camomille et de Guimauve maintient en bon \u00e9tat les gencives du nourrisson lors de l\u2019apparition des premi\u00e8res dents. Son go\u00fbt neutre est adapt\u00e9 aux plus petits. Sans aucun compromis pour vous, vos nourrissons et la plan\u00e8te. Retrouvez ce baume dans un kit avec une brosse \u00e0 dents sp\u00e9cialement adapt\u00e9e aux nourrissons pour un soin complet. *Cosm\u00e9tique Biologique et Naturelle certifi\u00e9e par ECOCERT selon le r\u00e9f\u00e9rentiel disponible ici","og_url":"https:\/\/aurapharm.ps\/index.php\/product\/baume-premieres-dents-0-2-ans-certifie-bio\/","og_site_name":"Aura Pharm","og_image":[{"width":952,"height":2560,"url":"https:\/\/aurapharm.ps\/wp-content\/uploads\/2025\/08\/TUBE-Premieres-dents-BIO-50ml_HD-1200x3226-1-scaled.jpg","type":"image\/jpeg"}],"twitter_card":"summary_large_image","twitter_misc":{"Est. reading time":"1 minute"},"schema":{"@context":"https:\/\/schema.org","@graph":[{"@type":"WebPage","@id":"https:\/\/aurapharm.ps\/index.php\/product\/baume-premieres-dents-0-2-ans-certifie-bio\/","url":"https:\/\/aurapharm.ps\/index.php\/product\/baume-premieres-dents-0-2-ans-certifie-bio\/","name":"Baume Premi\u00e8res Dents 0-2 ans certifi\u00e9 BIO - Aura Pharm","isPartOf":{"@id":"https:\/\/aurapharm.ps\/#website"},"primaryImageOfPage":{"@id":"https:\/\/aurapharm.ps\/index.php\/product\/baume-premieres-dents-0-2-ans-certifie-bio\/#primaryimage"},"image":{"@id":"https:\/\/aurapharm.ps\/index.php\/product\/baume-premieres-dents-0-2-ans-certifie-bio\/#primaryimage"},"thumbnailUrl":"https:\/\/aurapharm.ps\/wp-content\/uploads\/2025\/08\/TUBE-Premieres-dents-BIO-50ml_HD-1200x3226-1-scaled.jpg","datePublished":"2025-08-07T14:11:07+00:00","breadcrumb":{"@id":"https:\/\/aurapharm.ps\/index.php\/product\/baume-premieres-dents-0-2-ans-certifie-bio\/#breadcrumb"},"inLanguage":"en-US","potentialAction":[{"@type":"ReadAction","target":["https:\/\/aurapharm.ps\/index.php\/product\/baume-premieres-dents-0-2-ans-certifie-bio\/"]}]},{"@type":"ImageObject","inLanguage":"en-US","@id":"https:\/\/aurapharm.ps\/index.php\/product\/baume-premieres-dents-0-2-ans-certifie-bio\/#primaryimage","url":"https:\/\/aurapharm.ps\/wp-content\/uploads\/2025\/08\/TUBE-Premieres-dents-BIO-50ml_HD-1200x3226-1-scaled.jpg","contentUrl":"https:\/\/aurapharm.ps\/wp-content\/uploads\/2025\/08\/TUBE-Premieres-dents-BIO-50ml_HD-1200x3226-1-scaled.jpg","width":952,"height":2560},{"@type":"BreadcrumbList","@id":"https:\/\/aurapharm.ps\/index.php\/product\/baume-premieres-dents-0-2-ans-certifie-bio\/#breadcrumb","itemListElement":[{"@type":"ListItem","position":1,"name":"\u0627\u0644\u0631\u0626\u064a\u0633\u064a\u0629","item":"https:\/\/aurapharm.ps\/"},{"@type":"ListItem","position":2,"name":"Products","item":"https:\/\/aurapharm.ps\/index.php\/shop\/"},{"@type":"ListItem","position":3,"name":"Baume Premi\u00e8res Dents 0-2 ans certifi\u00e9 BIO"}]},{"@type":"WebSite","@id":"https:\/\/aurapharm.ps\/#website","url":"https:\/\/aurapharm.ps\/","name":"Aura Pharm","description":"","publisher":{"@id":"https:\/\/aurapharm.ps\/#organization"},"potentialAction":[{"@type":"SearchAction","target":{"@type":"EntryPoint","urlTemplate":"https:\/\/aurapharm.ps\/?s={search_term_string}"},"query-input":{"@type":"PropertyValueSpecification","valueRequired":true,"valueName":"search_term_string"}}],"inLanguage":"en-US"},{"@type":"Organization","@id":"https:\/\/aurapharm.ps\/#organization","name":"Aura Pharm","url":"https:\/\/aurapharm.ps\/","logo":{"@type":"ImageObject","inLanguage":"en-US","@id":"https:\/\/aurapharm.ps\/#\/schema\/logo\/image\/","url":"https:\/\/aurapharm.ps\/wp-content\/uploads\/2025\/07\/aura-pharm-logo-1.png","contentUrl":"https:\/\/aurapharm.ps\/wp-content\/uploads\/2025\/07\/aura-pharm-logo-1.png","width":1751,"height":1750,"caption":"Aura Pharm"},"image":{"@id":"https:\/\/aurapharm.ps\/#\/schema\/logo\/image\/"}}]}},"jetpack_sharing_enabled":true,"_links":{"self":[{"href":"https:\/\/aurapharm.ps\/index.php\/wp-json\/wp\/v2\/product\/380","targetHints":{"allow":["GET"]}}],"collection":[{"href":"https:\/\/aurapharm.ps\/index.php\/wp-json\/wp\/v2\/product"}],"about":[{"href":"https:\/\/aurapharm.ps\/index.php\/wp-json\/wp\/v2\/types\/product"}],"replies":[{"embeddable":true,"href":"https:\/\/aurapharm.ps\/index.php\/wp-json\/wp\/v2\/comments?post=380"}],"wp:featuredmedia":[{"embeddable":true,"href":"https:\/\/aurapharm.ps\/index.php\/wp-json\/wp\/v2\/media\/382"}],"wp:attachment":[{"href":"https:\/\/aurapharm.ps\/index.php\/wp-json\/wp\/v2\/media?parent=380"}],"wp:term":[{"taxonomy":"product_brand","embeddable":true,"href":"https:\/\/aurapharm.ps\/index.php\/wp-json\/wp\/v2\/product_brand?post=380"},{"taxonomy":"product_cat","embeddable":true,"href":"https:\/\/aurapharm.ps\/index.php\/wp-json\/wp\/v2\/product_cat?post=380"},{"taxonomy":"product_tag","embeddable":true,"href":"https:\/\/aurapharm.ps\/index.php\/wp-json\/wp\/v2\/product_tag?post=380"}],"curies":[{"name":"wp","href":"https:\/\/api.w.org\/{rel}","templated":true}]}}