{"id":374,"date":"2025-08-07T17:07:17","date_gmt":"2025-08-07T14:07:17","guid":{"rendered":"https:\/\/aurapharm.ps\/?post_type=product&#038;p=374"},"modified":"2025-08-07T17:07:17","modified_gmt":"2025-08-07T14:07:17","slug":"dentifrice-blancheur-au-charbon-actif-certifie-bio","status":"publish","type":"product","link":"https:\/\/aurapharm.ps\/index.php\/product\/dentifrice-blancheur-au-charbon-actif-certifie-bio\/","title":{"rendered":"Dentifrice Blancheur au Charbon Actif certifi\u00e9 BIO"},"content":{"rendered":"<h5><strong>Le soin blancheur 100% naturel<\/strong><\/h5>\n<p>BUCCOTHERM\u00ae Blancheur au Charbon est un dentifrice certifi\u00e9 BIO* compos\u00e9 \u00e0 100% d\u2019ingr\u00e9dients d\u2019origine naturelle. Sa formule associe l\u2019Eau thermale de Cast\u00e9ra-Verduzan au charbon actif afin de redonner aux dents leur blancheur naturelle tout en respectant l\u2019\u00e9mail.<\/p>\n<p>Renforc\u00e9 en citrate de zinc et en fluor \u2013 1450 ppm \u2013 il aide aussi \u00e0 lutter contre la formation de la plaque dentaire. Son ar\u00f4me naturel de menthe apporte une sensation agr\u00e9able de fra\u00eecheur.<\/p>\n<p><em>*Cosm\u00e9tique Ecologique et Biologique certifi\u00e9e par ECOCERT selon le r\u00e9f\u00e9rentiel disponible <\/em><a href=\"https:\/\/www.ecocert.com\/fr\/certification\/cosmetiques-biologiques-ou-naturels-cosmos\"><em>ici<\/em><\/a><\/p>\n","protected":false},"excerpt":{"rendered":"<p>Le soin blancheur 100% naturel BUCCOTHERM\u00ae Blancheur au Charbon est un dentifrice certifi\u00e9 BIO* compos\u00e9 \u00e0 100% d\u2019ingr\u00e9dients d\u2019origine naturelle. Sa formule associe l\u2019Eau thermale de Cast\u00e9ra-Verduzan au charbon actif afin de redonner aux dents leur blancheur naturelle tout en respectant l\u2019\u00e9mail. Renforc\u00e9 en citrate de zinc et en fluor \u2013 1450 ppm \u2013 il aide aussi \u00e0 lutter contre la formation de la plaque dentaire. Son ar\u00f4me naturel de menthe apporte une sensation agr\u00e9able de fra\u00eecheur. *Cosm\u00e9tique Ecologique et Biologique certifi\u00e9e par ECOCERT selon le r\u00e9f\u00e9rentiel disponible ici<\/p>\n","protected":false},"featured_media":375,"comment_status":"open","ping_status":"closed","template":"","meta":[],"product_brand":[24],"product_cat":[23],"product_tag":[25],"class_list":{"0":"post-374","1":"product","2":"type-product","3":"status-publish","4":"has-post-thumbnail","6":"product_brand-buccotherm","7":"product_cat-buccotherm","8":"product_tag-buccotherm","10":"first","11":"instock","12":"sale","13":"taxable","14":"shipping-taxable","15":"purchasable","16":"product-type-simple"},"yoast_head":"<!-- This site is optimized with the Yoast SEO plugin v25.6 - https:\/\/yoast.com\/wordpress\/plugins\/seo\/ -->\n<title>Dentifrice Blancheur au Charbon Actif certifi\u00e9 BIO - Aura Pharm<\/title>\n<meta name=\"robots\" content=\"index, follow, max-snippet:-1, max-image-preview:large, max-video-preview:-1\" \/>\n<link rel=\"canonical\" href=\"https:\/\/aurapharm.ps\/index.php\/product\/dentifrice-blancheur-au-charbon-actif-certifie-bio\/\" \/>\n<meta property=\"og:locale\" content=\"en_US\" \/>\n<meta property=\"og:type\" content=\"article\" \/>\n<meta property=\"og:title\" content=\"Dentifrice Blancheur au Charbon Actif certifi\u00e9 BIO - Aura Pharm\" \/>\n<meta property=\"og:description\" content=\"Le soin blancheur 100% naturel BUCCOTHERM\u00ae Blancheur au Charbon est un dentifrice certifi\u00e9 BIO* compos\u00e9 \u00e0 100% d\u2019ingr\u00e9dients d\u2019origine naturelle. Sa formule associe l\u2019Eau thermale de Cast\u00e9ra-Verduzan au charbon actif afin de redonner aux dents leur blancheur naturelle tout en respectant l\u2019\u00e9mail. Renforc\u00e9 en citrate de zinc et en fluor \u2013 1450 ppm \u2013 il aide aussi \u00e0 lutter contre la formation de la plaque dentaire. Son ar\u00f4me naturel de menthe apporte une sensation agr\u00e9able de fra\u00eecheur. *Cosm\u00e9tique Ecologique et Biologique certifi\u00e9e par ECOCERT selon le r\u00e9f\u00e9rentiel disponible ici\" \/>\n<meta property=\"og:url\" content=\"https:\/\/aurapharm.ps\/index.php\/product\/dentifrice-blancheur-au-charbon-actif-certifie-bio\/\" \/>\n<meta property=\"og:site_name\" content=\"Aura Pharm\" \/>\n<meta property=\"og:image\" content=\"https:\/\/aurapharm.ps\/wp-content\/uploads\/2025\/08\/Buccotherm-dentifrice-charbon-1.jpg\" \/>\n\t<meta property=\"og:image:width\" content=\"741\" \/>\n\t<meta property=\"og:image:height\" content=\"1843\" \/>\n\t<meta property=\"og:image:type\" content=\"image\/jpeg\" \/>\n<meta name=\"twitter:card\" content=\"summary_large_image\" \/>\n<meta name=\"twitter:label1\" content=\"Est. reading time\" \/>\n\t<meta name=\"twitter:data1\" content=\"1 minute\" \/>\n<script type=\"application\/ld+json\" class=\"yoast-schema-graph\">{\"@context\":\"https:\/\/schema.org\",\"@graph\":[{\"@type\":\"WebPage\",\"@id\":\"https:\/\/aurapharm.ps\/index.php\/product\/dentifrice-blancheur-au-charbon-actif-certifie-bio\/\",\"url\":\"https:\/\/aurapharm.ps\/index.php\/product\/dentifrice-blancheur-au-charbon-actif-certifie-bio\/\",\"name\":\"Dentifrice Blancheur au Charbon Actif certifi\u00e9 BIO - Aura Pharm\",\"isPartOf\":{\"@id\":\"https:\/\/aurapharm.ps\/#website\"},\"primaryImageOfPage\":{\"@id\":\"https:\/\/aurapharm.ps\/index.php\/product\/dentifrice-blancheur-au-charbon-actif-certifie-bio\/#primaryimage\"},\"image\":{\"@id\":\"https:\/\/aurapharm.ps\/index.php\/product\/dentifrice-blancheur-au-charbon-actif-certifie-bio\/#primaryimage\"},\"thumbnailUrl\":\"https:\/\/aurapharm.ps\/wp-content\/uploads\/2025\/08\/Buccotherm-dentifrice-charbon-1.jpg\",\"datePublished\":\"2025-08-07T14:07:17+00:00\",\"breadcrumb\":{\"@id\":\"https:\/\/aurapharm.ps\/index.php\/product\/dentifrice-blancheur-au-charbon-actif-certifie-bio\/#breadcrumb\"},\"inLanguage\":\"en-US\",\"potentialAction\":[{\"@type\":\"ReadAction\",\"target\":[\"https:\/\/aurapharm.ps\/index.php\/product\/dentifrice-blancheur-au-charbon-actif-certifie-bio\/\"]}]},{\"@type\":\"ImageObject\",\"inLanguage\":\"en-US\",\"@id\":\"https:\/\/aurapharm.ps\/index.php\/product\/dentifrice-blancheur-au-charbon-actif-certifie-bio\/#primaryimage\",\"url\":\"https:\/\/aurapharm.ps\/wp-content\/uploads\/2025\/08\/Buccotherm-dentifrice-charbon-1.jpg\",\"contentUrl\":\"https:\/\/aurapharm.ps\/wp-content\/uploads\/2025\/08\/Buccotherm-dentifrice-charbon-1.jpg\",\"width\":741,\"height\":1843},{\"@type\":\"BreadcrumbList\",\"@id\":\"https:\/\/aurapharm.ps\/index.php\/product\/dentifrice-blancheur-au-charbon-actif-certifie-bio\/#breadcrumb\",\"itemListElement\":[{\"@type\":\"ListItem\",\"position\":1,\"name\":\"\u0627\u0644\u0631\u0626\u064a\u0633\u064a\u0629\",\"item\":\"https:\/\/aurapharm.ps\/\"},{\"@type\":\"ListItem\",\"position\":2,\"name\":\"Products\",\"item\":\"https:\/\/aurapharm.ps\/index.php\/shop\/\"},{\"@type\":\"ListItem\",\"position\":3,\"name\":\"Dentifrice Blancheur au Charbon Actif certifi\u00e9 BIO\"}]},{\"@type\":\"WebSite\",\"@id\":\"https:\/\/aurapharm.ps\/#website\",\"url\":\"https:\/\/aurapharm.ps\/\",\"name\":\"Aura Pharm\",\"description\":\"\",\"publisher\":{\"@id\":\"https:\/\/aurapharm.ps\/#organization\"},\"potentialAction\":[{\"@type\":\"SearchAction\",\"target\":{\"@type\":\"EntryPoint\",\"urlTemplate\":\"https:\/\/aurapharm.ps\/?s={search_term_string}\"},\"query-input\":{\"@type\":\"PropertyValueSpecification\",\"valueRequired\":true,\"valueName\":\"search_term_string\"}}],\"inLanguage\":\"en-US\"},{\"@type\":\"Organization\",\"@id\":\"https:\/\/aurapharm.ps\/#organization\",\"name\":\"Aura Pharm\",\"url\":\"https:\/\/aurapharm.ps\/\",\"logo\":{\"@type\":\"ImageObject\",\"inLanguage\":\"en-US\",\"@id\":\"https:\/\/aurapharm.ps\/#\/schema\/logo\/image\/\",\"url\":\"https:\/\/aurapharm.ps\/wp-content\/uploads\/2025\/07\/aura-pharm-logo-1.png\",\"contentUrl\":\"https:\/\/aurapharm.ps\/wp-content\/uploads\/2025\/07\/aura-pharm-logo-1.png\",\"width\":1751,\"height\":1750,\"caption\":\"Aura Pharm\"},\"image\":{\"@id\":\"https:\/\/aurapharm.ps\/#\/schema\/logo\/image\/\"}}]}<\/script>\n<!-- \/ Yoast SEO plugin. -->","yoast_head_json":{"title":"Dentifrice Blancheur au Charbon Actif certifi\u00e9 BIO - Aura Pharm","robots":{"index":"index","follow":"follow","max-snippet":"max-snippet:-1","max-image-preview":"max-image-preview:large","max-video-preview":"max-video-preview:-1"},"canonical":"https:\/\/aurapharm.ps\/index.php\/product\/dentifrice-blancheur-au-charbon-actif-certifie-bio\/","og_locale":"en_US","og_type":"article","og_title":"Dentifrice Blancheur au Charbon Actif certifi\u00e9 BIO - Aura Pharm","og_description":"Le soin blancheur 100% naturel BUCCOTHERM\u00ae Blancheur au Charbon est un dentifrice certifi\u00e9 BIO* compos\u00e9 \u00e0 100% d\u2019ingr\u00e9dients d\u2019origine naturelle. Sa formule associe l\u2019Eau thermale de Cast\u00e9ra-Verduzan au charbon actif afin de redonner aux dents leur blancheur naturelle tout en respectant l\u2019\u00e9mail. Renforc\u00e9 en citrate de zinc et en fluor \u2013 1450 ppm \u2013 il aide aussi \u00e0 lutter contre la formation de la plaque dentaire. Son ar\u00f4me naturel de menthe apporte une sensation agr\u00e9able de fra\u00eecheur. *Cosm\u00e9tique Ecologique et Biologique certifi\u00e9e par ECOCERT selon le r\u00e9f\u00e9rentiel disponible ici","og_url":"https:\/\/aurapharm.ps\/index.php\/product\/dentifrice-blancheur-au-charbon-actif-certifie-bio\/","og_site_name":"Aura Pharm","og_image":[{"width":741,"height":1843,"url":"https:\/\/aurapharm.ps\/wp-content\/uploads\/2025\/08\/Buccotherm-dentifrice-charbon-1.jpg","type":"image\/jpeg"}],"twitter_card":"summary_large_image","twitter_misc":{"Est. reading time":"1 minute"},"schema":{"@context":"https:\/\/schema.org","@graph":[{"@type":"WebPage","@id":"https:\/\/aurapharm.ps\/index.php\/product\/dentifrice-blancheur-au-charbon-actif-certifie-bio\/","url":"https:\/\/aurapharm.ps\/index.php\/product\/dentifrice-blancheur-au-charbon-actif-certifie-bio\/","name":"Dentifrice Blancheur au Charbon Actif certifi\u00e9 BIO - Aura Pharm","isPartOf":{"@id":"https:\/\/aurapharm.ps\/#website"},"primaryImageOfPage":{"@id":"https:\/\/aurapharm.ps\/index.php\/product\/dentifrice-blancheur-au-charbon-actif-certifie-bio\/#primaryimage"},"image":{"@id":"https:\/\/aurapharm.ps\/index.php\/product\/dentifrice-blancheur-au-charbon-actif-certifie-bio\/#primaryimage"},"thumbnailUrl":"https:\/\/aurapharm.ps\/wp-content\/uploads\/2025\/08\/Buccotherm-dentifrice-charbon-1.jpg","datePublished":"2025-08-07T14:07:17+00:00","breadcrumb":{"@id":"https:\/\/aurapharm.ps\/index.php\/product\/dentifrice-blancheur-au-charbon-actif-certifie-bio\/#breadcrumb"},"inLanguage":"en-US","potentialAction":[{"@type":"ReadAction","target":["https:\/\/aurapharm.ps\/index.php\/product\/dentifrice-blancheur-au-charbon-actif-certifie-bio\/"]}]},{"@type":"ImageObject","inLanguage":"en-US","@id":"https:\/\/aurapharm.ps\/index.php\/product\/dentifrice-blancheur-au-charbon-actif-certifie-bio\/#primaryimage","url":"https:\/\/aurapharm.ps\/wp-content\/uploads\/2025\/08\/Buccotherm-dentifrice-charbon-1.jpg","contentUrl":"https:\/\/aurapharm.ps\/wp-content\/uploads\/2025\/08\/Buccotherm-dentifrice-charbon-1.jpg","width":741,"height":1843},{"@type":"BreadcrumbList","@id":"https:\/\/aurapharm.ps\/index.php\/product\/dentifrice-blancheur-au-charbon-actif-certifie-bio\/#breadcrumb","itemListElement":[{"@type":"ListItem","position":1,"name":"\u0627\u0644\u0631\u0626\u064a\u0633\u064a\u0629","item":"https:\/\/aurapharm.ps\/"},{"@type":"ListItem","position":2,"name":"Products","item":"https:\/\/aurapharm.ps\/index.php\/shop\/"},{"@type":"ListItem","position":3,"name":"Dentifrice Blancheur au Charbon Actif certifi\u00e9 BIO"}]},{"@type":"WebSite","@id":"https:\/\/aurapharm.ps\/#website","url":"https:\/\/aurapharm.ps\/","name":"Aura Pharm","description":"","publisher":{"@id":"https:\/\/aurapharm.ps\/#organization"},"potentialAction":[{"@type":"SearchAction","target":{"@type":"EntryPoint","urlTemplate":"https:\/\/aurapharm.ps\/?s={search_term_string}"},"query-input":{"@type":"PropertyValueSpecification","valueRequired":true,"valueName":"search_term_string"}}],"inLanguage":"en-US"},{"@type":"Organization","@id":"https:\/\/aurapharm.ps\/#organization","name":"Aura Pharm","url":"https:\/\/aurapharm.ps\/","logo":{"@type":"ImageObject","inLanguage":"en-US","@id":"https:\/\/aurapharm.ps\/#\/schema\/logo\/image\/","url":"https:\/\/aurapharm.ps\/wp-content\/uploads\/2025\/07\/aura-pharm-logo-1.png","contentUrl":"https:\/\/aurapharm.ps\/wp-content\/uploads\/2025\/07\/aura-pharm-logo-1.png","width":1751,"height":1750,"caption":"Aura Pharm"},"image":{"@id":"https:\/\/aurapharm.ps\/#\/schema\/logo\/image\/"}}]}},"jetpack_sharing_enabled":true,"_links":{"self":[{"href":"https:\/\/aurapharm.ps\/index.php\/wp-json\/wp\/v2\/product\/374","targetHints":{"allow":["GET"]}}],"collection":[{"href":"https:\/\/aurapharm.ps\/index.php\/wp-json\/wp\/v2\/product"}],"about":[{"href":"https:\/\/aurapharm.ps\/index.php\/wp-json\/wp\/v2\/types\/product"}],"replies":[{"embeddable":true,"href":"https:\/\/aurapharm.ps\/index.php\/wp-json\/wp\/v2\/comments?post=374"}],"wp:featuredmedia":[{"embeddable":true,"href":"https:\/\/aurapharm.ps\/index.php\/wp-json\/wp\/v2\/media\/375"}],"wp:attachment":[{"href":"https:\/\/aurapharm.ps\/index.php\/wp-json\/wp\/v2\/media?parent=374"}],"wp:term":[{"taxonomy":"product_brand","embeddable":true,"href":"https:\/\/aurapharm.ps\/index.php\/wp-json\/wp\/v2\/product_brand?post=374"},{"taxonomy":"product_cat","embeddable":true,"href":"https:\/\/aurapharm.ps\/index.php\/wp-json\/wp\/v2\/product_cat?post=374"},{"taxonomy":"product_tag","embeddable":true,"href":"https:\/\/aurapharm.ps\/index.php\/wp-json\/wp\/v2\/product_tag?post=374"}],"curies":[{"name":"wp","href":"https:\/\/api.w.org\/{rel}","templated":true}]}}